{"id":1220,"date":"2019-11-08T14:07:32","date_gmt":"2019-11-08T14:07:32","guid":{"rendered":"https:\/\/iundp-planung.de\/?page_id=1220"},"modified":"2025-10-15T09:58:16","modified_gmt":"2025-10-15T09:58:16","slug":"unternehmen","status":"publish","type":"page","link":"https:\/\/iundp-planung.de\/","title":{"rendered":"Unternehmen"},"content":{"rendered":"\n<div aria-label=\"Carousel Gallery\" class=\"wp-block-coblocks-gallery-carousel mb-0\"><div class=\"is-cropped coblocks-gallery has-no-alignment has-caption-style-dark\"><div class=\"has-carousel has-carousel-xlrg\" style=\"height:496px\" data-flickity=\"{&quot;autoPlay&quot;:5000,&quot;draggable&quot;:false,&quot;pageDots&quot;:false,&quot;prevNextButtons&quot;:false,&quot;wrapAround&quot;:true,&quot;cellAlign&quot;:&quot;center&quot;,&quot;pauseAutoPlayOnHover&quot;:false,&quot;freeScroll&quot;:false,&quot;arrowShape&quot;:{&quot;x0&quot;:10,&quot;x1&quot;:60,&quot;y1&quot;:50,&quot;x2&quot;:65,&quot;y2&quot;:45,&quot;x3&quot;:20},&quot;thumbnails&quot;:false,&quot;responsiveHeight&quot;:false}\"><div class=\"coblocks-gallery--item\"><figure class=\"coblocks-gallery--figure\"><img loading=\"lazy\" decoding=\"async\" width=\"1376\" height=\"774\" src=\"https:\/\/iundp-planung.de\/wp-content\/uploads\/2019\/11\/6-1024x576.jpg\" alt=\"\" data-id=\"1423\" data-link=\"https:\/\/iundp-planung.de\/6\/\" class=\"wp-image-1423\" srcset=\"https:\/\/iundp-planung.de\/wp-content\/uploads\/2019\/11\/6-1024x576.jpg 1024w, https:\/\/iundp-planung.de\/wp-content\/uploads\/2019\/11\/6-300x169.jpg 300w, https:\/\/iundp-planung.de\/wp-content\/uploads\/2019\/11\/6-768x432.jpg 768w, https:\/\/iundp-planung.de\/wp-content\/uploads\/2019\/11\/6.jpg 1376w\" sizes=\"auto, (max-width: 1376px) 100vw, 1376px\" \/><\/figure><\/div><div class=\"coblocks-gallery--item\"><figure class=\"coblocks-gallery--figure\"><img loading=\"lazy\" decoding=\"async\" width=\"1024\" height=\"576\" src=\"https:\/\/iundp-planung.de\/wp-content\/uploads\/2019\/11\/22-1024x576.jpg\" alt=\"\" data-id=\"1439\" data-link=\"https:\/\/iundp-planung.de\/22\/\" class=\"wp-image-1439\" srcset=\"https:\/\/iundp-planung.de\/wp-content\/uploads\/2019\/11\/22-1024x576.jpg 1024w, https:\/\/iundp-planung.de\/wp-content\/uploads\/2019\/11\/22-300x169.jpg 300w, https:\/\/iundp-planung.de\/wp-content\/uploads\/2019\/11\/22-768x432.jpg 768w, https:\/\/iundp-planung.de\/wp-content\/uploads\/2019\/11\/22.jpg 1376w\" sizes=\"auto, (max-width: 1024px) 100vw, 1024px\" \/><\/figure><\/div><div class=\"coblocks-gallery--item\"><figure class=\"coblocks-gallery--figure\"><img loading=\"lazy\" decoding=\"async\" width=\"1024\" height=\"576\" src=\"https:\/\/iundp-planung.de\/wp-content\/uploads\/2020\/03\/DSC_9169-min-1-1024x576.jpg\" alt=\"\" data-id=\"1792\" data-link=\"https:\/\/iundp-planung.de\/index.php\/unternehmen\/dsc_9169-min-1\/\" class=\"wp-image-1792\" srcset=\"https:\/\/iundp-planung.de\/wp-content\/uploads\/2020\/03\/DSC_9169-min-1-1024x576.jpg 1024w, https:\/\/iundp-planung.de\/wp-content\/uploads\/2020\/03\/DSC_9169-min-1-300x169.jpg 300w, https:\/\/iundp-planung.de\/wp-content\/uploads\/2020\/03\/DSC_9169-min-1-768x432.jpg 768w, https:\/\/iundp-planung.de\/wp-content\/uploads\/2020\/03\/DSC_9169-min-1-1536x864.jpg 1536w, https:\/\/iundp-planung.de\/wp-content\/uploads\/2020\/03\/DSC_9169-min-1-2048x1152.jpg 2048w\" sizes=\"auto, (max-width: 1024px) 100vw, 1024px\" \/><\/figure><\/div><div class=\"coblocks-gallery--item\"><figure class=\"coblocks-gallery--figure\"><img loading=\"lazy\" decoding=\"async\" width=\"1024\" height=\"576\" src=\"https:\/\/iundp-planung.de\/wp-content\/uploads\/2019\/11\/13-1024x576.jpg\" alt=\"\" data-id=\"1430\" data-link=\"https:\/\/iundp-planung.de\/13\/\" class=\"wp-image-1430\" srcset=\"https:\/\/iundp-planung.de\/wp-content\/uploads\/2019\/11\/13-1024x576.jpg 1024w, https:\/\/iundp-planung.de\/wp-content\/uploads\/2019\/11\/13-300x169.jpg 300w, https:\/\/iundp-planung.de\/wp-content\/uploads\/2019\/11\/13-768x432.jpg 768w, https:\/\/iundp-planung.de\/wp-content\/uploads\/2019\/11\/13.jpg 1376w\" sizes=\"auto, (max-width: 1024px) 100vw, 1024px\" \/><\/figure><\/div><div class=\"coblocks-gallery--item\"><figure class=\"coblocks-gallery--figure\"><img loading=\"lazy\" decoding=\"async\" width=\"1024\" height=\"576\" src=\"https:\/\/iundp-planung.de\/wp-content\/uploads\/2019\/11\/30-1024x576.jpg\" alt=\"\" data-id=\"1418\" data-link=\"https:\/\/iundp-planung.de\/30-2\/\" class=\"wp-image-1418\" srcset=\"https:\/\/iundp-planung.de\/wp-content\/uploads\/2019\/11\/30-1024x576.jpg 1024w, https:\/\/iundp-planung.de\/wp-content\/uploads\/2019\/11\/30-300x169.jpg 300w, https:\/\/iundp-planung.de\/wp-content\/uploads\/2019\/11\/30-768x432.jpg 768w, https:\/\/iundp-planung.de\/wp-content\/uploads\/2019\/11\/30.jpg 1376w\" sizes=\"auto, (max-width: 1024px) 100vw, 1024px\" \/><\/figure><\/div><\/div><\/div><\/div>\n\n\n\n<div class=\"wp-block-coblocks-row coblocks-row-109131536170 mt-0\" data-columns=\"2\" data-layout=\"66-33\"><div class=\"wp-block-coblocks-row__inner has-no-padding has-no-margin is-stacked-on-mobile has-medium-gutter\">\n<div class=\"wp-block-coblocks-column coblocks-column-109131540591\" style=\"width:66%\"><div class=\"wp-block-coblocks-column__inner has-no-padding has-no-margin\">\n<div style=\"height:100px\" aria-hidden=\"true\" class=\"wp-block-spacer\"><\/div>\n\n\n\n<p>Willkommen auf der Internetpr\u00e4senz vom I+P Planungsb\u00fcro f\u00fcr Energie- und Geb\u00e4udetechnik, dem Nachfolgeunternehmen des Ingenieurb\u00fcros Immoor und Partner aus Bremerhaven.<\/p>\n\n\n\n<p><\/p>\n\n\n\n<p>Wir sind umgezogen! Sind finden uns nun unter folgender Adresse; Am Lunedeich 151b in 27572 bremerhaven<\/p>\n\n\n\n<p> Schauen Sie sich doch gleich auf unserer Webseite um. Gerne unterst\u00fctzen wir Sie bei der Umsetzung Ihrer Ideen, von der ersten Beratung bis hin zur komplexen Planung, Ausschreibung und Abwicklung.<\/p>\n\n\n\n<p>In unserer eigenen Zeichenabteilung erstellen wir f\u00fcr Sie unter anderem Flucht- und Rettungs-, Feuerwehr-, Stromlauf- und Bestandspl\u00e4ne. Seit 2018 bilden wir eigene Technische Zeichner und Systemplaner aus. <\/p>\n<\/div><\/div>\n\n\n\n<div class=\"wp-block-coblocks-column coblocks-column-109131540596\" style=\"width:33%\"><div class=\"wp-block-coblocks-column__inner has-no-padding has-no-margin\">\n<div style=\"height:100px\" aria-hidden=\"true\" class=\"wp-block-spacer\"><\/div>\n\n\n\n<figure class=\"wp-block-image size-large\"><img loading=\"lazy\" decoding=\"async\" width=\"1024\" height=\"314\" src=\"https:\/\/iundp-planung.de\/wp-content\/uploads\/2019\/11\/Spruch-1024x314.png\" alt=\"\" class=\"wp-image-1412\" srcset=\"https:\/\/iundp-planung.de\/wp-content\/uploads\/2019\/11\/Spruch-1024x314.png 1024w, https:\/\/iundp-planung.de\/wp-content\/uploads\/2019\/11\/Spruch-300x92.png 300w, https:\/\/iundp-planung.de\/wp-content\/uploads\/2019\/11\/Spruch-768x236.png 768w, https:\/\/iundp-planung.de\/wp-content\/uploads\/2019\/11\/Spruch.png 1301w\" sizes=\"auto, (max-width: 1024px) 100vw, 1024px\" \/><figcaption class=\"wp-element-caption\"><br><img loading=\"lazy\" decoding=\"async\" width=\"300\" height=\"104\" class=\"wp-image-2012\" style=\"width: 300px;\" src=\"https:\/\/iundp-planung.de\/wp-content\/uploads\/2021\/10\/hk_digitaler-aufkleber-_wir-bilden-aus_-2021-2022_260x90_blau.png\" alt=\"\"><\/figcaption><\/figure>\n\n\n\n<figure class=\"wp-block-image is-resized\"><a href=\"https:\/\/www.vde.com\/de\/newsroom\" target=\"_blank\" rel=\"noreferrer noopener\"><img loading=\"lazy\" decoding=\"async\" width=\"1024\" height=\"187\" src=\"https:\/\/iundp-planung.de\/wp-content\/uploads\/2019\/11\/VDE-1024x187.png\" alt=\"\" class=\"wp-image-1413\" style=\"width:297px;height:54px\" srcset=\"https:\/\/iundp-planung.de\/wp-content\/uploads\/2019\/11\/VDE-1024x187.png 1024w, https:\/\/iundp-planung.de\/wp-content\/uploads\/2019\/11\/VDE-300x55.png 300w, https:\/\/iundp-planung.de\/wp-content\/uploads\/2019\/11\/VDE-768x140.png 768w, https:\/\/iundp-planung.de\/wp-content\/uploads\/2019\/11\/VDE.png 1864w\" sizes=\"auto, (max-width: 1024px) 100vw, 1024px\" \/><\/a><\/figure>\n\n\n\n<figure class=\"wp-block-image size-large is-resized\"><img loading=\"lazy\" decoding=\"async\" width=\"335\" height=\"150\" src=\"https:\/\/iundp-planung.de\/wp-content\/uploads\/2020\/04\/images-1.png\" alt=\"\" class=\"wp-image-1893\" style=\"width:301px;height:133px\" srcset=\"https:\/\/iundp-planung.de\/wp-content\/uploads\/2020\/04\/images-1.png 335w, https:\/\/iundp-planung.de\/wp-content\/uploads\/2020\/04\/images-1-300x134.png 300w\" sizes=\"auto, (max-width: 335px) 100vw, 335px\" \/><\/figure>\n\n\n\n<div style=\"height:20px\" aria-hidden=\"true\" class=\"wp-block-spacer\"><\/div>\n\n\n\n<div class=\"wp-block-button is-style-fill button1 has-custom-size has-custom-weight has-custom-transform has-custom-lineheight has-custom-letterspacing\" style=\"line-height:1;letter-spacing:1px;font-weight:normal;text-transform:uppercase;font-size:11px\"><a class=\"wp-block-button__link has-background wp-element-button\" href=\"\/index.php\/leistungen\/\" style=\"background-color:#004c89\">Erfahren sie hier mehr!<\/a><\/div>\n\n\n\n<p><\/p>\n<\/div><\/div>\n<\/div><\/div>\n\n\n\n<div class=\"wp-block-coblocks-row coblocks-row-109131858212\" data-columns=\"3\" data-layout=\"33-33-33\"><div class=\"wp-block-coblocks-row__inner has-no-padding has-no-margin is-stacked-on-mobile has-medium-gutter\">\n<div class=\"wp-block-coblocks-column coblocks-column-10913193838\" style=\"width:33.33%\"><div class=\"wp-block-coblocks-column__inner has-no-padding has-no-margin\">\n<div style=\"height:30px\" aria-hidden=\"true\" class=\"wp-block-spacer\"><\/div>\n\n\n\n<figure class=\"wp-block-image size-large\"><img loading=\"lazy\" decoding=\"async\" width=\"1024\" height=\"576\" src=\"https:\/\/iundp-planung.de\/wp-content\/uploads\/2019\/11\/DSC_8306-min-1024x576.jpg\" alt=\"\" class=\"wp-image-1673\" srcset=\"https:\/\/iundp-planung.de\/wp-content\/uploads\/2019\/11\/DSC_8306-min-1024x576.jpg 1024w, https:\/\/iundp-planung.de\/wp-content\/uploads\/2019\/11\/DSC_8306-min-300x169.jpg 300w, https:\/\/iundp-planung.de\/wp-content\/uploads\/2019\/11\/DSC_8306-min-768x432.jpg 768w, https:\/\/iundp-planung.de\/wp-content\/uploads\/2019\/11\/DSC_8306-min-1536x864.jpg 1536w, https:\/\/iundp-planung.de\/wp-content\/uploads\/2019\/11\/DSC_8306-min-2048x1152.jpg 2048w\" sizes=\"auto, (max-width: 1024px) 100vw, 1024px\" \/><\/figure>\n\n\n\n<p class=\"has-text-align-center has-text-color\" style=\"color:#004866\">Beratung<\/p>\n<\/div><\/div>\n\n\n\n<div class=\"wp-block-coblocks-column coblocks-column-10913193842\" style=\"width:33.33%\"><div class=\"wp-block-coblocks-column__inner has-no-padding has-no-margin\">\n<div style=\"height:30px\" aria-hidden=\"true\" class=\"wp-block-spacer\"><\/div>\n\n\n\n<figure class=\"wp-block-image size-large\"><img loading=\"lazy\" decoding=\"async\" width=\"1024\" height=\"576\" src=\"https:\/\/iundp-planung.de\/wp-content\/uploads\/2019\/11\/DSC_8243-min-1024x576.jpg\" alt=\"\" class=\"wp-image-1666\" srcset=\"https:\/\/iundp-planung.de\/wp-content\/uploads\/2019\/11\/DSC_8243-min-1024x576.jpg 1024w, https:\/\/iundp-planung.de\/wp-content\/uploads\/2019\/11\/DSC_8243-min-300x169.jpg 300w, https:\/\/iundp-planung.de\/wp-content\/uploads\/2019\/11\/DSC_8243-min-768x432.jpg 768w, https:\/\/iundp-planung.de\/wp-content\/uploads\/2019\/11\/DSC_8243-min-1536x864.jpg 1536w, https:\/\/iundp-planung.de\/wp-content\/uploads\/2019\/11\/DSC_8243-min-2048x1152.jpg 2048w\" sizes=\"auto, (max-width: 1024px) 100vw, 1024px\" \/><\/figure>\n\n\n\n<p class=\"has-text-align-center has-text-color\" style=\"color:#004866\">Planung<\/p>\n<\/div><\/div>\n\n\n\n<div class=\"wp-block-coblocks-column coblocks-column-10913193846\" style=\"width:33.33%\"><div class=\"wp-block-coblocks-column__inner has-no-padding has-no-margin\">\n<div style=\"height:30px\" aria-hidden=\"true\" class=\"wp-block-spacer\"><\/div>\n\n\n\n<figure class=\"wp-block-image size-large\"><img loading=\"lazy\" decoding=\"async\" width=\"1024\" height=\"576\" src=\"https:\/\/iundp-planung.de\/wp-content\/uploads\/2019\/11\/DSC_8224-min-1024x576.jpg\" alt=\"\" class=\"wp-image-1668\" srcset=\"https:\/\/iundp-planung.de\/wp-content\/uploads\/2019\/11\/DSC_8224-min-1024x576.jpg 1024w, https:\/\/iundp-planung.de\/wp-content\/uploads\/2019\/11\/DSC_8224-min-300x169.jpg 300w, https:\/\/iundp-planung.de\/wp-content\/uploads\/2019\/11\/DSC_8224-min-768x432.jpg 768w, https:\/\/iundp-planung.de\/wp-content\/uploads\/2019\/11\/DSC_8224-min-1536x864.jpg 1536w, https:\/\/iundp-planung.de\/wp-content\/uploads\/2019\/11\/DSC_8224-min-2048x1152.jpg 2048w\" sizes=\"auto, (max-width: 1024px) 100vw, 1024px\" \/><\/figure>\n\n\n\n<p class=\"has-text-align-center has-text-color\" style=\"color:#004866\">Bau\u00fcberwachung<\/p>\n<\/div><\/div>\n<\/div><\/div>\n\n\n\n<p><\/p>\n","protected":false},"excerpt":{"rendered":"","protected":false},"author":2,"featured_media":0,"parent":0,"menu_order":0,"comment_status":"closed","ping_status":"closed","template":"","meta":{"_coblocks_attr":"","_coblocks_dimensions":"{\"coblocks-hero-10914018703\":{\"padding\":{}},\"coblocks-hero-101418432646\":{\"padding\":{}}}","_coblocks_responsive_height":"","_coblocks_accordion_ie_support":"","footnotes":""},"class_list":["post-1220","page","type-page","status-publish","hentry","wpbf-post"],"_links":{"self":[{"href":"https:\/\/iundp-planung.de\/index.php\/wp-json\/wp\/v2\/pages\/1220","targetHints":{"allow":["GET"]}}],"collection":[{"href":"https:\/\/iundp-planung.de\/index.php\/wp-json\/wp\/v2\/pages"}],"about":[{"href":"https:\/\/iundp-planung.de\/index.php\/wp-json\/wp\/v2\/types\/page"}],"author":[{"embeddable":true,"href":"https:\/\/iundp-planung.de\/index.php\/wp-json\/wp\/v2\/users\/2"}],"replies":[{"embeddable":true,"href":"https:\/\/iundp-planung.de\/index.php\/wp-json\/wp\/v2\/comments?post=1220"}],"version-history":[{"count":57,"href":"https:\/\/iundp-planung.de\/index.php\/wp-json\/wp\/v2\/pages\/1220\/revisions"}],"predecessor-version":[{"id":2048,"href":"https:\/\/iundp-planung.de\/index.php\/wp-json\/wp\/v2\/pages\/1220\/revisions\/2048"}],"wp:attachment":[{"href":"https:\/\/iundp-planung.de\/index.php\/wp-json\/wp\/v2\/media?parent=1220"}],"curies":[{"name":"wp","href":"https:\/\/api.w.org\/{rel}","templated":true}]}}